{"id":231,"date":"2015-05-06T16:55:44","date_gmt":"2015-05-06T16:55:44","guid":{"rendered":"http:\/\/www.mt765.com\/?page_id=231"},"modified":"2015-05-06T16:55:54","modified_gmt":"2015-05-06T16:55:54","slug":"231-2","status":"publish","type":"page","link":"https:\/\/www.mt765.com\/?page_id=231","title":{"rendered":"Servicios"},"content":{"rendered":"<div id=\"metaslider-id-198\" style=\"width: 100%;\" class=\"ml-slider-3-108-0 metaslider metaslider-nivo metaslider-198 ml-slider has-dots-nav ms-theme-default\" role=\"region\" aria-label=\"Serveis\" data-height=\"500\" data-width=\"1400\">\n    <div id=\"metaslider_container_198\">\n        <div class='slider-wrapper theme-default'><div class='ribbon'><\/div><div id='metaslider_198' class='nivoSlider'><img loading=\"lazy\" decoding=\"async\" src=\"https:\/\/www.mt765.com\/wp-content\/uploads\/2015\/06\/96-1024x365.jpg\" height=\"500\" width=\"1400\" alt=\"\" class=\"slider-198 slide-564 msDefaultImage\" \/><img loading=\"lazy\" decoding=\"async\" src=\"https:\/\/www.mt765.com\/wp-content\/uploads\/2015\/08\/IMG_6650-1400x500.jpg\" height=\"500\" width=\"1400\" alt=\"\" class=\"slider-198 slide-648 msDefaultImage\" \/><img loading=\"lazy\" decoding=\"async\" src=\"https:\/\/www.mt765.com\/wp-content\/uploads\/2015\/08\/IMG_6651-1400x500.jpg\" height=\"500\" width=\"1400\" alt=\"\" class=\"slider-198 slide-649 msDefaultImage\" \/><img loading=\"lazy\" decoding=\"async\" src=\"https:\/\/www.mt765.com\/wp-content\/uploads\/2015\/08\/IMG_6649-1400x500.jpg\" height=\"500\" width=\"1400\" alt=\"\" class=\"slider-198 slide-650 msDefaultImage\" \/><\/div><\/div>\n        \n    <\/div>\n<\/div>\n<hr \/>\n<p>Nos basamos siempre en las indicaciones e ideas que nos ofrecen nuestros propios clientes y les ofrecemos:<\/p>\n<p>A). Asesoramiento t\u00e9cnico, estudio, an\u00e1lisis y desarrollo de todo tipo de art\u00edculos de punto.<\/p>\n<p>B). B\u00fasqueda de las materias adecuadas para el art\u00edculo a desarrollar.<\/p>\n<p>C). Puesta en funcionamiento del art\u00edculo.<\/p>\n<p>D). Asesoramiento a nivel de tintura, acabados o procesos posteriores.<\/p>\n","protected":false},"excerpt":{"rendered":"<div class=\"entry-summary\">\n<div class=\"entry-summary\">\nNos basamos siempre en las indicaciones e ideas que nos ofrecen nuestros&hellip;\n<\/div>\n<div class=\"link-more\"><a href=\"https:\/\/www.mt765.com\/?page_id=231\" class=\"more-link\">Seguir leyendo<span class=\"screen-reader-text\"> &ldquo;Servicios&rdquo;<\/span>&hellip;<\/a><\/div>\n<\/div>\n<div class=\"link-more\"><a href=\"https:\/\/www.mt765.com\/?page_id=231\" class=\"more-link\">Seguir leyendo<span class=\"screen-reader-text\"> &ldquo;Servicios&rdquo;<\/span>&hellip;<\/a><\/div>\n","protected":false},"author":1,"featured_media":0,"parent":0,"menu_order":0,"comment_status":"closed","ping_status":"closed","template":"page-template\/_fullwidth.php","meta":{"footnotes":""},"_links":{"self":[{"href":"https:\/\/www.mt765.com\/index.php?rest_route=\/wp\/v2\/pages\/231"}],"collection":[{"href":"https:\/\/www.mt765.com\/index.php?rest_route=\/wp\/v2\/pages"}],"about":[{"href":"https:\/\/www.mt765.com\/index.php?rest_route=\/wp\/v2\/types\/page"}],"author":[{"embeddable":true,"href":"https:\/\/www.mt765.com\/index.php?rest_route=\/wp\/v2\/users\/1"}],"replies":[{"embeddable":true,"href":"https:\/\/www.mt765.com\/index.php?rest_route=%2Fwp%2Fv2%2Fcomments&post=231"}],"version-history":[{"count":2,"href":"https:\/\/www.mt765.com\/index.php?rest_route=\/wp\/v2\/pages\/231\/revisions"}],"predecessor-version":[{"id":233,"href":"https:\/\/www.mt765.com\/index.php?rest_route=\/wp\/v2\/pages\/231\/revisions\/233"}],"wp:attachment":[{"href":"https:\/\/www.mt765.com\/index.php?rest_route=%2Fwp%2Fv2%2Fmedia&parent=231"}],"curies":[{"name":"wp","href":"https:\/\/api.w.org\/{rel}","templated":true}]}}