{"id":276,"date":"2015-05-07T16:56:27","date_gmt":"2015-05-07T16:56:27","guid":{"rendered":"http:\/\/www.mt765.com\/?page_id=276"},"modified":"2015-05-07T16:56:27","modified_gmt":"2015-05-07T16:56:27","slug":"installations-2","status":"publish","type":"page","link":"https:\/\/www.mt765.com\/?page_id=276","title":{"rendered":"Installations"},"content":{"rendered":"<div id=\"metaslider-id-36\" style=\"width: 100%;\" class=\"ml-slider-3-108-0 metaslider metaslider-nivo metaslider-36 ml-slider has-dots-nav ms-theme-default\" role=\"region\" aria-label=\"Instal\u00b7lacions\" data-height=\"500\" data-width=\"1400\">\n    <div id=\"metaslider_container_36\">\n        <div class='slider-wrapper theme-default'><div class='ribbon'><\/div><div id='metaslider_36' class='nivoSlider'><img loading=\"lazy\" decoding=\"async\" src=\"https:\/\/www.mt765.com\/wp-content\/uploads\/2015\/05\/DSC_0017-1100x392.jpg\" height=\"500\" width=\"1400\" alt=\"\" class=\"slider-36 slide-486 msDefaultImage\" \/><img loading=\"lazy\" decoding=\"async\" src=\"https:\/\/www.mt765.com\/wp-content\/uploads\/2015\/05\/DSC_0018-1100x392.jpg\" height=\"500\" width=\"1400\" alt=\"\" class=\"slider-36 slide-487 msDefaultImage\" \/><img loading=\"lazy\" decoding=\"async\" src=\"https:\/\/www.mt765.com\/wp-content\/uploads\/2015\/04\/IMG_4206-1400x500.jpg\" height=\"500\" width=\"1400\" alt=\"\" class=\"slider-36 slide-190 msDefaultImage\" \/><img loading=\"lazy\" decoding=\"async\" src=\"https:\/\/www.mt765.com\/wp-content\/uploads\/2015\/05\/DSC_0033-1100x392.jpg\" height=\"500\" width=\"1400\" alt=\"\" class=\"slider-36 slide-501 msDefaultImage\" \/><img loading=\"lazy\" decoding=\"async\" src=\"https:\/\/www.mt765.com\/wp-content\/uploads\/2015\/06\/2-2-e1435917056131-638x227.jpg\" height=\"500\" width=\"1400\" alt=\"\" class=\"slider-36 slide-562 msDefaultImage\" \/><\/div><\/div>\n        \n    <\/div>\n<\/div>\n<hr \/>\n<p>&nbsp;<\/p>\n<p>Actuellement, notre enterprise s&#8217;est transform\u00e9e en un parc industriel textile de plus de 70 m\u00e9tiers circulaires ayant une capacit\u00e9 de production de plus de cinq millions de m\u00e8tres de tissu par an, et avec gauges qui vont a partir du 7 jusqu&#8217;a 44 et couvrent tous les cr\u00e9neaux du march\u00e9.<\/p>\n<p>Avec le concours d&#8217;une technologie de pointe, nous disposons des tissus fabriqu\u00e9s dans le respect absolu de toutes les normes relatives \u00e0 l&#8217;environnement et \u00e0 la securit\u00e9. En effet, toutes les cantres sont munis d&#8217;un syst\u00e8me de filtrage afin de faire barrage \u00e0 toute contamination.<\/p>\n","protected":false},"excerpt":{"rendered":"<div class=\"entry-summary\">\n<div class=\"entry-summary\">\n&nbsp; Actuellement, notre enterprise s&#8217;est transform\u00e9e en un parc industriel textile de&hellip;\n<\/div>\n<div class=\"link-more\"><a href=\"https:\/\/www.mt765.com\/?page_id=276\" class=\"more-link\">Seguir leyendo<span class=\"screen-reader-text\"> &ldquo;Installations&rdquo;<\/span>&hellip;<\/a><\/div>\n<\/div>\n<div class=\"link-more\"><a href=\"https:\/\/www.mt765.com\/?page_id=276\" class=\"more-link\">Seguir leyendo<span class=\"screen-reader-text\"> &ldquo;Installations&rdquo;<\/span>&hellip;<\/a><\/div>\n","protected":false},"author":1,"featured_media":0,"parent":0,"menu_order":0,"comment_status":"closed","ping_status":"closed","template":"page-template\/_fullwidth.php","meta":{"footnotes":""},"_links":{"self":[{"href":"https:\/\/www.mt765.com\/index.php?rest_route=\/wp\/v2\/pages\/276"}],"collection":[{"href":"https:\/\/www.mt765.com\/index.php?rest_route=\/wp\/v2\/pages"}],"about":[{"href":"https:\/\/www.mt765.com\/index.php?rest_route=\/wp\/v2\/types\/page"}],"author":[{"embeddable":true,"href":"https:\/\/www.mt765.com\/index.php?rest_route=\/wp\/v2\/users\/1"}],"replies":[{"embeddable":true,"href":"https:\/\/www.mt765.com\/index.php?rest_route=%2Fwp%2Fv2%2Fcomments&post=276"}],"version-history":[{"count":1,"href":"https:\/\/www.mt765.com\/index.php?rest_route=\/wp\/v2\/pages\/276\/revisions"}],"predecessor-version":[{"id":277,"href":"https:\/\/www.mt765.com\/index.php?rest_route=\/wp\/v2\/pages\/276\/revisions\/277"}],"wp:attachment":[{"href":"https:\/\/www.mt765.com\/index.php?rest_route=%2Fwp%2Fv2%2Fmedia&parent=276"}],"curies":[{"name":"wp","href":"https:\/\/api.w.org\/{rel}","templated":true}]}}