{"id":278,"date":"2015-05-08T14:11:45","date_gmt":"2015-05-08T14:11:45","guid":{"rendered":"http:\/\/www.mt765.com\/?page_id=278"},"modified":"2015-05-22T15:01:27","modified_gmt":"2015-05-22T15:01:27","slug":"services-2","status":"publish","type":"page","link":"https:\/\/www.mt765.com\/?page_id=278","title":{"rendered":"Services"},"content":{"rendered":"<div id=\"metaslider-id-198\" style=\"width: 100%;\" class=\"ml-slider-3-108-0 metaslider metaslider-nivo metaslider-198 ml-slider has-dots-nav ms-theme-default\" role=\"region\" aria-label=\"Serveis\" data-height=\"500\" data-width=\"1400\">\n    <div id=\"metaslider_container_198\">\n        <div class='slider-wrapper theme-default'><div class='ribbon'><\/div><div id='metaslider_198' class='nivoSlider'><img loading=\"lazy\" decoding=\"async\" src=\"https:\/\/www.mt765.com\/wp-content\/uploads\/2015\/06\/96-1024x365.jpg\" height=\"500\" width=\"1400\" alt=\"\" class=\"slider-198 slide-564 msDefaultImage\" \/><img loading=\"lazy\" decoding=\"async\" src=\"https:\/\/www.mt765.com\/wp-content\/uploads\/2015\/08\/IMG_6650-1400x500.jpg\" height=\"500\" width=\"1400\" alt=\"\" class=\"slider-198 slide-648 msDefaultImage\" \/><img loading=\"lazy\" decoding=\"async\" src=\"https:\/\/www.mt765.com\/wp-content\/uploads\/2015\/08\/IMG_6651-1400x500.jpg\" height=\"500\" width=\"1400\" alt=\"\" class=\"slider-198 slide-649 msDefaultImage\" \/><img loading=\"lazy\" decoding=\"async\" src=\"https:\/\/www.mt765.com\/wp-content\/uploads\/2015\/08\/IMG_6649-1400x500.jpg\" height=\"500\" width=\"1400\" alt=\"\" class=\"slider-198 slide-650 msDefaultImage\" \/><\/div><\/div>\n        \n    <\/div>\n<\/div>\n<hr \/>\n<p>Sur la base d&#8217;una \u00e9coute attentive des id\u00e9es et des indications fournies par nos clients:<\/p>\n<p>A). Nous offrons du conseil technique, ainsi que l&#8217;\u00e9tude, l&#8217;analyse et le d\u00e9veloppement de n&#8217;importe quel type de tissu en tricot.<\/p>\n<p>B). Nous nous chargeons de trouver les mati\u00e8res qui vont \u00eatre n\u00e9cessaires \u00e0 la cr\u00e9ation de l&#8217;article choisi.<\/p>\n<p>C). Nous r\u00e9alisons la mise en production de l&#8217;article.<\/p>\n<p>D). Nous pouvons donner du conseil en mati\u00e8re de teintures, finissages et proc\u00e9dures post\u00e9rieures.<\/p>\n","protected":false},"excerpt":{"rendered":"<div class=\"entry-summary\">\n<div class=\"entry-summary\">\nSur la base d&#8217;una \u00e9coute attentive des id\u00e9es et des indications fournies&hellip;\n<\/div>\n<div class=\"link-more\"><a href=\"https:\/\/www.mt765.com\/?page_id=278\" class=\"more-link\">Seguir leyendo<span class=\"screen-reader-text\"> &ldquo;Services&rdquo;<\/span>&hellip;<\/a><\/div>\n<\/div>\n<div class=\"link-more\"><a href=\"https:\/\/www.mt765.com\/?page_id=278\" class=\"more-link\">Seguir leyendo<span class=\"screen-reader-text\"> &ldquo;Services&rdquo;<\/span>&hellip;<\/a><\/div>\n","protected":false},"author":1,"featured_media":0,"parent":0,"menu_order":0,"comment_status":"closed","ping_status":"closed","template":"page-template\/_fullwidth.php","meta":{"footnotes":""},"_links":{"self":[{"href":"https:\/\/www.mt765.com\/index.php?rest_route=\/wp\/v2\/pages\/278"}],"collection":[{"href":"https:\/\/www.mt765.com\/index.php?rest_route=\/wp\/v2\/pages"}],"about":[{"href":"https:\/\/www.mt765.com\/index.php?rest_route=\/wp\/v2\/types\/page"}],"author":[{"embeddable":true,"href":"https:\/\/www.mt765.com\/index.php?rest_route=\/wp\/v2\/users\/1"}],"replies":[{"embeddable":true,"href":"https:\/\/www.mt765.com\/index.php?rest_route=%2Fwp%2Fv2%2Fcomments&post=278"}],"version-history":[{"count":3,"href":"https:\/\/www.mt765.com\/index.php?rest_route=\/wp\/v2\/pages\/278\/revisions"}],"predecessor-version":[{"id":453,"href":"https:\/\/www.mt765.com\/index.php?rest_route=\/wp\/v2\/pages\/278\/revisions\/453"}],"wp:attachment":[{"href":"https:\/\/www.mt765.com\/index.php?rest_route=%2Fwp%2Fv2%2Fmedia&parent=278"}],"curies":[{"name":"wp","href":"https:\/\/api.w.org\/{rel}","templated":true}]}}